{"id":364,"date":"2026-03-24T18:16:53","date_gmt":"2026-03-24T18:16:53","guid":{"rendered":"https:\/\/jenvsjen.com\/?page_id=364"},"modified":"2026-04-12T08:34:12","modified_gmt":"2026-04-12T08:34:12","slug":"sobre-jenvsjen","status":"publish","type":"page","link":"https:\/\/jenvsjen.com\/en\/sobre-jenvsjen\/","title":{"rendered":"Bio"},"content":{"rendered":"<div data-elementor-type=\"wp-page\" data-elementor-id=\"364\" class=\"elementor elementor-364\" data-elementor-post-type=\"page\">\n\t\t\t\t<div class=\"elementor-element elementor-element-5623f6f e-con-full e-flex e-con e-parent\" data-id=\"5623f6f\" data-element_type=\"container\">\n\t\t\t\t<\/div>\n\t\t<div class=\"elementor-element elementor-element-e5afcbb e-con-full e-flex e-con e-parent\" data-id=\"e5afcbb\" data-element_type=\"container\">\n\t\t<div class=\"elementor-element elementor-element-c96ba74 e-con-full e-flex e-con e-child\" data-id=\"c96ba74\" data-element_type=\"container\">\n\t\t\t\t<div class=\"elementor-element elementor-element-29480c5 elementor-widget elementor-widget-image\" data-id=\"29480c5\" data-element_type=\"widget\" data-widget_type=\"image.default\">\n\t\t\t\t\t\t\t\t\t\t\t\t\t\t\t<img fetchpriority=\"high\" decoding=\"async\" width=\"1024\" height=\"1024\" src=\"https:\/\/jenvsjen.com\/wp-content\/uploads\/2026\/03\/freepik__aadir-luz-de-da-el-pelo-debe-estar-menos-encrespad__28949.png\" class=\"attachment-2048x2048 size-2048x2048 wp-image-371\" alt=\"\" srcset=\"https:\/\/jenvsjen.com\/wp-content\/uploads\/2026\/03\/freepik__aadir-luz-de-da-el-pelo-debe-estar-menos-encrespad__28949.png 1024w, https:\/\/jenvsjen.com\/wp-content\/uploads\/2026\/03\/freepik__aadir-luz-de-da-el-pelo-debe-estar-menos-encrespad__28949-300x300.png 300w, https:\/\/jenvsjen.com\/wp-content\/uploads\/2026\/03\/freepik__aadir-luz-de-da-el-pelo-debe-estar-menos-encrespad__28949-150x150.png 150w, https:\/\/jenvsjen.com\/wp-content\/uploads\/2026\/03\/freepik__aadir-luz-de-da-el-pelo-debe-estar-menos-encrespad__28949-768x768.png 768w, https:\/\/jenvsjen.com\/wp-content\/uploads\/2026\/03\/freepik__aadir-luz-de-da-el-pelo-debe-estar-menos-encrespad__28949-600x600.png 600w, https:\/\/jenvsjen.com\/wp-content\/uploads\/2026\/03\/freepik__aadir-luz-de-da-el-pelo-debe-estar-menos-encrespad__28949-100x100.png 100w\" sizes=\"(max-width: 1024px) 100vw, 1024px\" \/>\t\t\t\t\t\t\t\t\t\t\t\t\t\t\t<\/div>\n\t\t\t\t<\/div>\n\t\t<div class=\"elementor-element elementor-element-a1ebbb3 e-con-full e-flex e-con e-child\" data-id=\"a1ebbb3\" data-element_type=\"container\">\n\t\t\t\t<div class=\"elementor-element elementor-element-662b30c elementor-widget elementor-widget-heading\" data-id=\"662b30c\" data-element_type=\"widget\" data-widget_type=\"heading.default\">\n\t\t\t\t\t<h2 class=\"elementor-heading-title elementor-size-default\">En el coraz\u00f3n de<\/h2>\t\t\t\t<\/div>\n\t\t\t\t<div class=\"elementor-element elementor-element-135fe83 elementor-widget elementor-widget-heading\" data-id=\"135fe83\" data-element_type=\"widget\" data-widget_type=\"heading.default\">\n\t\t\t\t\t<h1 class=\"elementor-heading-title elementor-size-default\">Ubrique<\/h1>\t\t\t\t<\/div>\n\t\t\t\t<div class=\"elementor-element elementor-element-7e6e707 elementor-widget__width-inherit elementor-widget elementor-widget-text-editor\" data-id=\"7e6e707\" data-element_type=\"widget\" data-widget_type=\"text-editor.default\">\n\t\t\t\t\t\t\t\t\t<p>Cuna indiscutible de la marroquiner\u00eda de lujo, surge la<br \/>innovadora figura de Jennifer Dom\u00ednguez, alma creadora de JenvsJen. Esta<br \/>dise\u00f1adora visionaria ha elevado el arte de la piel a una nueva dimensi\u00f3n, estableciendo<br \/>la primera firma en el mundo dedicada a la elaboraci\u00f3n artesanal de mu\u00f1ecas con este<br \/>noble material.<br \/>Las creaciones de JenvsJen trascienden el concepto de juguete para convertirse en<br \/>verdaderas piezas de colecci\u00f3n. Cada mu\u00f1eca es el resultado de un meticuloso proceso<br \/>artesanal que demanda m\u00e1s de un centenar de horas de labor experta, donde cada detalle<br \/>es ejecutado con la precisi\u00f3n y el esmero propios de la m\u00e1s refinada marroquiner\u00eda.<br \/>Estas figuras, impregnadas de la esencia y la tradici\u00f3n de Ubrique, son testigos de una<br \/>herencia centenaria reinterpretada con maestr\u00eda contempor\u00e1nea.<\/p>\t\t\t\t\t\t\t\t<\/div>\n\t\t\t\t<\/div>\n\t\t\t\t<\/div>\n\t\t<div class=\"elementor-element elementor-element-8f5c1ac e-con-full e-flex e-con e-parent\" data-id=\"8f5c1ac\" data-element_type=\"container\">\n\t\t<div class=\"elementor-element elementor-element-8fe657a e-con-full e-flex e-con e-child\" data-id=\"8fe657a\" data-element_type=\"container\">\n\t\t\t\t<div class=\"elementor-element elementor-element-ed59657 elementor-widget__width-inherit elementor-widget elementor-widget-text-editor\" data-id=\"ed59657\" data-element_type=\"widget\" data-widget_type=\"text-editor.default\">\n\t\t\t\t\t\t\t\t\t<p>El recorrido acad\u00e9mico y profesional de Jennifer Dom\u00ednguez es tan distinguido como<br \/>sus obras. Graduada en Bellas Artes y especializada en Dise\u00f1o de Moda y Patronaje, ha<br \/>perfeccionado su formaci\u00f3n con estudios avanzados en patronaje profesional,<br \/>Autocad y marroquiner\u00eda, adquiriendo un conocimiento profundo de la piel como<br \/>material expresivo. Su preparaci\u00f3n alcanza la excelencia con el M\u00e1ster de Dise\u00f1o en<br \/>Piel impartido por Loewe, insignia del lujo espa\u00f1ol, consolidando as\u00ed su maestr\u00eda en la<br \/>disciplina.<br \/>Su firma, JenvsJen, representa un compromiso absoluto con la excelencia. Desde la<br \/>selecci\u00f3n de pieles de la m\u00e1s alta calidad hasta la meticulosa ejecuci\u00f3n de cada costura,<br \/>cada pieza es el reflejo de un arte atemporal que desaf\u00eda la fugacidad de las tendencias.<br \/>Su trabajo ha captado la atenci\u00f3n de coleccionistas y personalidades que encuentran en<br \/>sus mu\u00f1ecas no solo objetos de deseo, sino tambi\u00e9n una expresi\u00f3n sublime de la<br \/>artesan\u00eda.<br \/>En un mundo donde la manufactura industrial predomina, Jennifer Dom\u00ednguez<br \/>reivindica el valor de lo exclusivo, lo hecho a mano, lo irrepetible. Cada una de sus<br \/>creaciones es un testimonio del esplendor de la marroquiner\u00eda ubrique\u00f1a, sino tambi\u00e9n<br \/>un tributo a la genialidad de una dise\u00f1adora que ha sabido transformar la tradici\u00f3n en un<br \/>legado imperecedero.<\/p>\t\t\t\t\t\t\t\t<\/div>\n\t\t\t\t<\/div>\n\t\t<div class=\"elementor-element elementor-element-534b588 e-con-full e-flex e-con e-child\" data-id=\"534b588\" data-element_type=\"container\">\n\t\t\t\t<div class=\"elementor-element elementor-element-28a6f39 elementor-widget elementor-widget-image\" data-id=\"28a6f39\" data-element_type=\"widget\" data-widget_type=\"image.default\">\n\t\t\t\t\t\t\t\t\t\t\t\t\t\t\t<img decoding=\"async\" width=\"1536\" height=\"2048\" src=\"https:\/\/jenvsjen.com\/wp-content\/uploads\/2026\/03\/freepik__cambiar-a-luz-natural-ms-intensa-se-deben-ver-las-__28950-1536x2048.png\" class=\"attachment-2048x2048 size-2048x2048 wp-image-377\" alt=\"\" srcset=\"https:\/\/jenvsjen.com\/wp-content\/uploads\/2026\/03\/freepik__cambiar-a-luz-natural-ms-intensa-se-deben-ver-las-__28950-1536x2048.png 1536w, https:\/\/jenvsjen.com\/wp-content\/uploads\/2026\/03\/freepik__cambiar-a-luz-natural-ms-intensa-se-deben-ver-las-__28950-225x300.png 225w, https:\/\/jenvsjen.com\/wp-content\/uploads\/2026\/03\/freepik__cambiar-a-luz-natural-ms-intensa-se-deben-ver-las-__28950-768x1024.png 768w, https:\/\/jenvsjen.com\/wp-content\/uploads\/2026\/03\/freepik__cambiar-a-luz-natural-ms-intensa-se-deben-ver-las-__28950-1152x1536.png 1152w, https:\/\/jenvsjen.com\/wp-content\/uploads\/2026\/03\/freepik__cambiar-a-luz-natural-ms-intensa-se-deben-ver-las-__28950-600x800.png 600w, https:\/\/jenvsjen.com\/wp-content\/uploads\/2026\/03\/freepik__cambiar-a-luz-natural-ms-intensa-se-deben-ver-las-__28950.png 1728w\" sizes=\"(max-width: 1536px) 100vw, 1536px\" \/>\t\t\t\t\t\t\t\t\t\t\t\t\t\t\t<\/div>\n\t\t\t\t<\/div>\n\t\t\t\t<\/div>\n\t\t\t\t<\/div>","protected":false},"excerpt":{"rendered":"<p>En el coraz\u00f3n de Ubrique Cuna indiscutible de la marroquiner\u00eda de lujo, surge lainnovadora figura de Jennifer Dom\u00ednguez, alma creadora [&hellip;]<\/p>\n","protected":false},"author":1,"featured_media":0,"parent":0,"menu_order":0,"comment_status":"closed","ping_status":"closed","template":"","meta":{"site-sidebar-layout":"no-sidebar","site-content-layout":"","ast-site-content-layout":"full-width-container","site-content-style":"default","site-sidebar-style":"default","ast-global-header-display":"","ast-banner-title-visibility":"","ast-main-header-display":"","ast-hfb-above-header-display":"","ast-hfb-below-header-display":"","ast-hfb-mobile-header-display":"","site-post-title":"","ast-breadcrumbs-content":"","ast-featured-img":"disabled","footer-sml-layout":"","ast-disable-related-posts":"","theme-transparent-header-meta":"","adv-header-id-meta":"","stick-header-meta":"","header-above-stick-meta":"","header-main-stick-meta":"","header-below-stick-meta":"","astra-migrate-meta-layouts":"default","ast-page-background-enabled":"default","ast-page-background-meta":{"desktop":{"background-color":"var(--ast-global-color-5)","background-image":"","background-repeat":"repeat","background-position":"center center","background-size":"auto","background-attachment":"scroll","background-type":"","background-media":"","overlay-type":"","overlay-color":"","overlay-opacity":"","overlay-gradient":""},"tablet":{"background-color":"","background-image":"","background-repeat":"repeat","background-position":"center center","background-size":"auto","background-attachment":"scroll","background-type":"","background-media":"","overlay-type":"","overlay-color":"","overlay-opacity":"","overlay-gradient":""},"mobile":{"background-color":"","background-image":"","background-repeat":"repeat","background-position":"center center","background-size":"auto","background-attachment":"scroll","background-type":"","background-media":"","overlay-type":"","overlay-color":"","overlay-opacity":"","overlay-gradient":""}},"ast-content-background-meta":{"desktop":{"background-color":"var(--ast-global-color-4)","background-image":"","background-repeat":"repeat","background-position":"center center","background-size":"auto","background-attachment":"scroll","background-type":"","background-media":"","overlay-type":"","overlay-color":"","overlay-opacity":"","overlay-gradient":""},"tablet":{"background-color":"var(--ast-global-color-4)","background-image":"","background-repeat":"repeat","background-position":"center center","background-size":"auto","background-attachment":"scroll","background-type":"","background-media":"","overlay-type":"","overlay-color":"","overlay-opacity":"","overlay-gradient":""},"mobile":{"background-color":"var(--ast-global-color-4)","background-image":"","background-repeat":"repeat","background-position":"center center","background-size":"auto","background-attachment":"scroll","background-type":"","background-media":"","overlay-type":"","overlay-color":"","overlay-opacity":"","overlay-gradient":""}},"footnotes":""},"class_list":["post-364","page","type-page","status-publish","hentry"],"_links":{"self":[{"href":"https:\/\/jenvsjen.com\/en\/wp-json\/wp\/v2\/pages\/364","targetHints":{"allow":["GET"]}}],"collection":[{"href":"https:\/\/jenvsjen.com\/en\/wp-json\/wp\/v2\/pages"}],"about":[{"href":"https:\/\/jenvsjen.com\/en\/wp-json\/wp\/v2\/types\/page"}],"author":[{"embeddable":true,"href":"https:\/\/jenvsjen.com\/en\/wp-json\/wp\/v2\/users\/1"}],"replies":[{"embeddable":true,"href":"https:\/\/jenvsjen.com\/en\/wp-json\/wp\/v2\/comments?post=364"}],"version-history":[{"count":11,"href":"https:\/\/jenvsjen.com\/en\/wp-json\/wp\/v2\/pages\/364\/revisions"}],"predecessor-version":[{"id":380,"href":"https:\/\/jenvsjen.com\/en\/wp-json\/wp\/v2\/pages\/364\/revisions\/380"}],"wp:attachment":[{"href":"https:\/\/jenvsjen.com\/en\/wp-json\/wp\/v2\/media?parent=364"}],"curies":[{"name":"wp","href":"https:\/\/api.w.org\/{rel}","templated":true}]}}